{"id":362,"date":"2023-04-25T11:33:49","date_gmt":"2023-04-25T11:33:49","guid":{"rendered":"https:\/\/netzero2035.wales\/hafan\/"},"modified":"2023-04-26T16:29:11","modified_gmt":"2023-04-26T16:29:11","slug":"hafan","status":"publish","type":"page","link":"https:\/\/netzero2035.wales\/cy\/","title":{"rendered":"Hafan"},"content":{"rendered":"\n<div class=\"wp-block-cover alignfull is-light wp-duotone-unset-1\"><span aria-hidden=\"true\" class=\"wp-block-cover__background has-background-dim-0 has-background-dim\"><\/span><img loading=\"lazy\" decoding=\"async\" width=\"2560\" height=\"1713\" class=\"wp-block-cover__image-background wp-image-381\" alt=\"\" src=\"https:\/\/netzero2035.wales\/wp-content\/uploads\/2023\/04\/000016-4-1-scaled.jpg\" style=\"object-position:59% 76%\" data-object-fit=\"cover\" data-object-position=\"59% 76%\" srcset=\"https:\/\/netzero2035.wales\/wp-content\/uploads\/2023\/04\/000016-4-1-scaled.jpg 2560w, https:\/\/netzero2035.wales\/wp-content\/uploads\/2023\/04\/000016-4-1-300x201.jpg 300w, https:\/\/netzero2035.wales\/wp-content\/uploads\/2023\/04\/000016-4-1-1024x685.jpg 1024w, https:\/\/netzero2035.wales\/wp-content\/uploads\/2023\/04\/000016-4-1-768x514.jpg 768w, https:\/\/netzero2035.wales\/wp-content\/uploads\/2023\/04\/000016-4-1-1536x1028.jpg 1536w, https:\/\/netzero2035.wales\/wp-content\/uploads\/2023\/04\/000016-4-1-2048x1370.jpg 2048w\" sizes=\"auto, (max-width: 2560px) 100vw, 2560px\" \/><div class=\"wp-block-cover__inner-container is-layout-flow wp-block-cover-is-layout-flow\">\n<p class=\"has-text-align-center has-base-color has-text-color has-background\" style=\"background-color:#0000002e;padding-top:var(--wp--preset--spacing--30);padding-right:var(--wp--preset--spacing--30);padding-bottom:var(--wp--preset--spacing--30);padding-left:var(--wp--preset--spacing--30);font-size:clamp(1.837rem, 1.837rem + ((1vw - 0.2rem) * 2.478), 3.2rem);\"><strong>Croeso i Gr\u0175p Sero Net Cymru 2035<\/strong><\/p>\n<\/div><\/div>\n\n<div style=\"height:15px\" aria-hidden=\"true\" class=\"wp-block-spacer\"><\/div>\n\n<div class=\"wp-block-group alignfull is-layout-flow wp-block-group-is-layout-flow\">\n<div class=\"wp-block-columns alignfull is-layout-flex wp-container-core-columns-is-layout-28f84493 wp-block-columns-is-layout-flex\">\n<div class=\"wp-block-column is-layout-flow wp-block-column-is-layout-flow\" style=\"flex-basis:25%\"><\/div>\n\n\n\n<div class=\"wp-block-column is-layout-flow wp-block-column-is-layout-flow\" style=\"flex-basis:50%\">\n<h2 class=\"wp-block-heading alignfull\">Newyddion: Grwp Herio Cymru Sero Net 2035 yn landsio ei her gyntaf: <em>Sut gallai Cymru fwydo ei hun erbyn 2035?<\/em><\/h2>\n\n\n<ul class=\"wp-block-latest-posts__list has-dates alignwide wp-block-latest-posts\"><li><a class=\"wp-block-latest-posts__post-title\" href=\"https:\/\/netzero2035.wales\/cy\/2024\/01\/17\/lansio-galwad-agored-arall-am-dystiolaeth-ar-gyfres-o-themau-trawsbynciol\/\">Lansio galwad agored arall am dystiolaeth ar gyfres o them\u00e2u trawsbynciol<\/a><time datetime=\"2024-01-17T12:07:48+00:00\" class=\"wp-block-latest-posts__post-date\">January 17, 2024<\/time><\/li>\n<li><a class=\"wp-block-latest-posts__post-title\" href=\"https:\/\/netzero2035.wales\/cy\/2023\/11\/08\/maer-her-addysg-swyddi-a-gwaith-yn-fyw\/\">Mae&#8217;r her addysg, swyddi a gwaith yn FYW!<\/a><time datetime=\"2023-11-08T16:41:20+00:00\" class=\"wp-block-latest-posts__post-date\">November 8, 2023<\/time><\/li>\n<li><a class=\"wp-block-latest-posts__post-title\" href=\"https:\/\/netzero2035.wales\/cy\/2023\/07\/03\/maer-ail-her-yn-fyw\/\">Mae&#8217;r ail her yn FYW!<\/a><time datetime=\"2023-07-03T09:29:52+00:00\" class=\"wp-block-latest-posts__post-date\">July 3, 2023<\/time><\/li>\n<\/ul>\n\n\n<h3 class=\"wp-block-heading alignwide\"><strong>Yr hyn a wnawn<\/strong><\/h3>\n\n\n\n<p>Mae&#8217;r byd yn profi effeithiau trychinebus yr argyfwng hinsawdd ac ar hyn o bryd nid yw ar y trywydd iawn i osgoi effeithiau pellach. Yn ddiweddar, cyhoeddodd gwyddonwyr blaenllaw yr hyn a elwir yn \u201cein rhybudd terfynol\u201d. Mae Llywodraeth Cymru a Phlaid Cymru ar y cyd wedi gwahodd gr\u0175p annibynnol i archwilio sut y gall y wlad gyflymu ei throsglwyddiad i sero net, a sut y gallai fod yn bosibl diwygio ei tharged i 2035 o 2050 ymlaen.   <\/p>\n\n\n\n<p>Tasg y \u2018Gr\u0175p\u2019, dan arweiniad y cyn Weinidog Amgylchedd Jane Davidson, yw: <\/p>\n\n\n\n<ul class=\"wp-block-list\">\n<li>dod o hyd i&#8217;r enghreifftiau gorau o newid trawsnewidiol o Gymru ac o gwmpas y byd; <\/li>\n\n\n\n<li>herio llywodraeth Cymru a Senedd i fynd ymhellach ac yn gyflymach; <\/li>\n\n\n\n<li>dychmygu sut olwg sydd ar ddyfodol tecach, mwy cynaliadwy i genedl y Cymry. <\/li>\n<\/ul>\n\n\n\n<h3 class=\"wp-block-heading\"><strong>Pwy ydym ni<\/strong><\/h3>\n\n\n\n<p>Mae\u2019r Gr\u0175p yn cynnwys 25 o aelodau annibynnol, di-d\u00e2l ac mae\u2019n cynnwys cynrychiolwyr o Senedd Ieuenctid Cymru. Cefnogir y Gr\u0175p gan Ysgrifenyddiaeth, ochr yn ochr \u00e2 Chanolfan Polisi Cyhoeddus Cymru sydd hefyd wedi cael cais gan Lywodraeth Cymru i gefnogi gwaith y Gr\u0175p fel sefydliad annibynnol. <\/p>\n<\/div>\n\n\n\n<div class=\"wp-block-column is-layout-flow wp-block-column-is-layout-flow\" style=\"flex-basis:10%\"><\/div>\n<\/div>\n<\/div>\n","protected":false},"excerpt":{"rendered":"<p>Newyddion: Grwp Herio Cymru Sero Net 2035 yn landsio ei her gyntaf: Sut gallai Cymru fwydo ei hun erbyn 2035? Yr hyn a wnawn Mae&#8217;r byd yn profi effeithiau trychinebus yr argyfwng hinsawdd ac ar hyn o bryd nid yw ar y trywydd iawn i osgoi effeithiau pellach. Yn ddiweddar, cyhoeddodd gwyddonwyr blaenllaw yr hyn [&hellip;]<\/p>\n","protected":false},"author":1,"featured_media":0,"parent":0,"menu_order":0,"comment_status":"closed","ping_status":"closed","template":"","meta":{"footnotes":""},"class_list":["post-362","page","type-page","status-publish","hentry"],"_links":{"self":[{"href":"https:\/\/netzero2035.wales\/cy\/wp-json\/wp\/v2\/pages\/362","targetHints":{"allow":["GET"]}}],"collection":[{"href":"https:\/\/netzero2035.wales\/cy\/wp-json\/wp\/v2\/pages"}],"about":[{"href":"https:\/\/netzero2035.wales\/cy\/wp-json\/wp\/v2\/types\/page"}],"author":[{"embeddable":true,"href":"https:\/\/netzero2035.wales\/cy\/wp-json\/wp\/v2\/users\/1"}],"replies":[{"embeddable":true,"href":"https:\/\/netzero2035.wales\/cy\/wp-json\/wp\/v2\/comments?post=362"}],"version-history":[{"count":11,"href":"https:\/\/netzero2035.wales\/cy\/wp-json\/wp\/v2\/pages\/362\/revisions"}],"predecessor-version":[{"id":539,"href":"https:\/\/netzero2035.wales\/cy\/wp-json\/wp\/v2\/pages\/362\/revisions\/539"}],"wp:attachment":[{"href":"https:\/\/netzero2035.wales\/cy\/wp-json\/wp\/v2\/media?parent=362"}],"curies":[{"name":"wp","href":"https:\/\/api.w.org\/{rel}","templated":true}]}}