{"id":809,"date":"2024-01-17T11:47:19","date_gmt":"2024-01-17T11:47:19","guid":{"rendered":"https:\/\/netzero2035.wales\/cyflwyno-tystiolaeth\/porth-cyflwyno-tystiolaeth-themau-parth-trawsbynciol\/"},"modified":"2024-01-17T12:01:43","modified_gmt":"2024-01-17T12:01:43","slug":"porth-cyflwyno-tystiolaeth-themau-parth-trawsbynciol","status":"publish","type":"page","link":"https:\/\/netzero2035.wales\/cy\/cyflwyno-tystiolaeth\/porth-cyflwyno-tystiolaeth-themau-parth-trawsbynciol\/","title":{"rendered":"Porth cyflwyno tystiolaeth &#8211; Them\u00e2u parth trawsbynciol"},"content":{"rendered":"\n<p>Mae Gr\u0175p Herio Cymru Sero Net 2035 (<em>y Gr\u0175p<\/em>) <strong>yn lansio galwad agored arall am dystiolaeth ar gyfres o them\u00e2u trawsbynciol<\/strong> sy&#8217;n cefnogi trawsnewidiad sero net. <\/p>\n\n<p><strong>Rhwng 17<sup>th<\/sup> Ionawr a 16<sup>th<\/sup> Chwefror,<\/strong> bydd Gr\u0175p Herio Cymru Sero Net 2035 yn derbyn tystiolaeth ar y <strong>them\u00e2u allweddol canlynol<\/strong>: <\/p>\n\n<ol class=\"wp-block-list\">\n<li><strong>Cyllid<\/strong> \u2013 beth yw r\u00f4l mecanweithiau cyllid arloesol wrth yrru sero net erbyn 2035? Faint o gyllid fydd ei angen? <\/li>\n<\/ol>\n\n<ol class=\"wp-block-list\" start=\"2\">\n<li><strong>Pontio Teg<\/strong> \u2013 rydym am ddilyn dull teg a chynhwysol o ymdrin \u00e2 phob agwedd ar sero net erbyn 2035: sut y gellir gwneud y mwyaf o drawsnewid teg? <\/li>\n<\/ol>\n\n<ol class=\"wp-block-list\" start=\"3\">\n<li><strong>Natur<\/strong> \u2013 beth yw r\u00f4l natur, a sut y gellir darparu&#8217;r gwerth mwyaf posibl ar gyfer natur ochr yn ochr \u00e2 chyrraedd sero net erbyn 2035? <\/li>\n<\/ol>\n\n<ol class=\"wp-block-list\" start=\"4\">\n<li><strong>Digidol a Thechnoleg:<\/strong> Beth yw&#8217;r technolegau allweddol o ran darparu sero net erbyn 2035, a sut all Cymru manteisio fwyaf o ddatblygiadau technolegol? <\/li>\n<\/ol>\n\n<p>Wrth ystyried y them\u00e2u allweddol uchod, <strong>dangoswch sut y buasai gweithredu yn cyfrannu tuag<\/strong> <strong>at 5 her y<\/strong> <strong><em>Gr\u0175p<\/em><\/strong>: <\/p>\n\n<ol class=\"wp-block-list\">\n<li>Sut gallai Cymru fwydo ei hun erbyn 2035? . <\/li>\n<\/ol>\n\n<ol class=\"wp-block-list\" start=\"2\">\n<li>Sut y gallai Cymru ddiwallu anghenion ynni erbyn 2035 a chael gwared ar danwydd ffosil yn raddol? <\/li>\n<\/ol>\n\n<ol class=\"wp-block-list\" start=\"3\">\n<li>Sut y gallai Cymru gynhesu ac adeiladu cartrefi a gweithleoedd erbyn 2035? <\/li>\n<\/ol>\n\n<ol class=\"wp-block-list\" start=\"4\">\n<li>Sut y gellid cysylltu pobl a lleoedd ledled Cymru erbyn 2035? <\/li>\n<\/ol>\n\n<ol class=\"wp-block-list\" start=\"5\">\n<li>Sut gallai addysg, swyddi a gwaith edrych ledled Cymru erbyn 2035? <\/li>\n<\/ol>\n\n<p>Er ein bod wedi amlinellu rhestr o them\u00e2u allweddol, rydym hefyd yn barod i dderbyn tystiolaeth ar ein them\u00e2u trawsbynciol sy&#8217;n weddill, a nodir isod: <\/p>\n\n<ol class=\"wp-block-list\" start=\"1\">\n<li><strong>Ymgysylltu a Chyfathrebu<\/strong> \u2013 beth yw&#8217;r cyfleoedd i ymgysylltu \u00e2 chymdeithas Cymru? Sut ddylen ni gyfleu&#8217;r weledigaeth ar gyfer yr her hon? Sut ddylen ni gyfleu&#8217;r weledigaeth ar gyfer yr her hon? <\/li>\n<\/ol>\n\n<ol class=\"wp-block-list\" start=\"2\">\n<li><strong>Addysg a Sgiliau<\/strong> \u2013 beth yw&#8217;r gofynion sgiliau yn y dyfodol i alluogi&#8217;r newid hwn? Beth yw r\u00f4l addysg wrth ysgogi\u2019r newid hwn? <\/li>\n<\/ol>\n\n<ol class=\"wp-block-list\" start=\"3\">\n<li><strong>Diogelu\u2019r Dyfodol <\/strong>\u2013 \u2013 a fydd y newidiadau a nodwyd yn arwain at unrhyw ganlyniadau sy\u2019n groes i nodau Deddf Llesiant Cenedlaethau\u2019r Dyfodol? A oes unrhyw faterion sy&#8217;n dod i&#8217;r amlwg\/tymor hirach sy&#8217;n gysylltiedig \u00e2&#8217;r Her hon y dylem eu hystyried? <\/li>\n<\/ol>\n\n<ol class=\"wp-block-list\" start=\"4\">\n<li><strong>Llywodraethant a Chyfreithiol <\/strong>\u2013 pa newidiadau mewn polis\u00efau a gadwyd a\/neu bwerau datganoledig ychwanegol sydd eu hangen er mwyn cyflawni&#8217;r newidiadau a nodwyd? Pa newidiadau llywodraethu a sefydliadol sydd eu hangen yn Llywodraeth Cymru a chyrff cyhoeddus cysylltiedig? <\/li>\n<\/ol>\n\n<ol class=\"wp-block-list\" start=\"5\">\n<li><strong>Seicoleg ac Ymddygiad <\/strong>\u2013 sut gellir cyflawni&#8217;r newidiadau ymddygiad gofynnol sydd eu hangen? Beth yw r\u00f4l newidiadau mewn safbwyntiau a gwerthoedd byd-eang wrth alluogi\u2019r newid? <\/li>\n<\/ol>\n\n<ol class=\"wp-block-list\" start=\"6\">\n<li><strong>Economi gylchol <\/strong> \u2013 sut y gallem gymhwyso meddwl cylchol i&#8217;r her hon? Ydyn ni&#8217;n creu heriau posibl o ran adnoddau? A ydym yn creu heriau adnoddau posibl? <\/li>\n<\/ol>\n\n<ol class=\"wp-block-list\" start=\"7\">\n<li><strong>Effeithiau rhyngwladol<\/strong> \u2013 beth yw goblygiadau gollwng carbon\/alltraethu allanoldebau yn y newidiadau rydym wedi&#8217;u nodi? <\/li>\n<\/ol>\n\n<ol class=\"wp-block-list\" start=\"8\">\n<li><strong>Cyd-fuddion <\/strong>\u2013\u2013 beth yw&#8217;r cyfleoedd allweddol yn ein heriau er mwyn sicrhau manteision lluosog i Gymru, y tu hwnt i ostwng allyriadau? <\/li>\n<\/ol>\n\n<p>Pe hoffech chi ddarparu tystiolaeth ysgrifenedig ar ffurf ffeil PDF neu lanlwytho adroddiad, atodwch hynny gyda\u2019r ffurflen hon ac anfonwch at: stan.townsend@wcpp.org.uk<\/p>\n\n<div class=\"wp-block-file\"><a id=\"wp-block-file--media-ea092fca-8dd0-4f28-a4ed-7ca30ac932fe\" href=\"https:\/\/netzero2035.wales\/wp-content\/uploads\/2024\/01\/Wales-Net-Zero-2035-Challenge-Group-Domains-Call-for-evidence.docx\">Wales-Net-Zero-2035-Challenge-Group-Domains-Call-for-evidence<\/a><a href=\"https:\/\/netzero2035.wales\/wp-content\/uploads\/2024\/01\/Wales-Net-Zero-2035-Challenge-Group-Domains-Call-for-evidence.docx\" class=\"wp-block-file__button wp-element-button\" download=\"\" aria-describedby=\"wp-block-file--media-ea092fca-8dd0-4f28-a4ed-7ca30ac932fe\">Download<\/a><\/div>\n","protected":false},"excerpt":{"rendered":"<p>Mae Gr\u0175p Herio Cymru Sero Net 2035 (y Gr\u0175p) yn lansio galwad agored arall am dystiolaeth ar gyfres o them\u00e2u trawsbynciol sy&#8217;n cefnogi trawsnewidiad sero net. Rhwng 17th Ionawr a 16th Chwefror, bydd Gr\u0175p Herio Cymru Sero Net 2035 yn derbyn tystiolaeth ar y them\u00e2u allweddol canlynol: Wrth ystyried y them\u00e2u allweddol uchod, dangoswch sut [&hellip;]<\/p>\n","protected":false},"author":1,"featured_media":0,"parent":436,"menu_order":4,"comment_status":"closed","ping_status":"closed","template":"","meta":{"footnotes":""},"class_list":["post-809","page","type-page","status-publish","hentry"],"_links":{"self":[{"href":"https:\/\/netzero2035.wales\/cy\/wp-json\/wp\/v2\/pages\/809","targetHints":{"allow":["GET"]}}],"collection":[{"href":"https:\/\/netzero2035.wales\/cy\/wp-json\/wp\/v2\/pages"}],"about":[{"href":"https:\/\/netzero2035.wales\/cy\/wp-json\/wp\/v2\/types\/page"}],"author":[{"embeddable":true,"href":"https:\/\/netzero2035.wales\/cy\/wp-json\/wp\/v2\/users\/1"}],"replies":[{"embeddable":true,"href":"https:\/\/netzero2035.wales\/cy\/wp-json\/wp\/v2\/comments?post=809"}],"version-history":[{"count":3,"href":"https:\/\/netzero2035.wales\/cy\/wp-json\/wp\/v2\/pages\/809\/revisions"}],"predecessor-version":[{"id":812,"href":"https:\/\/netzero2035.wales\/cy\/wp-json\/wp\/v2\/pages\/809\/revisions\/812"}],"up":[{"embeddable":true,"href":"https:\/\/netzero2035.wales\/cy\/wp-json\/wp\/v2\/pages\/436"}],"wp:attachment":[{"href":"https:\/\/netzero2035.wales\/cy\/wp-json\/wp\/v2\/media?parent=809"}],"curies":[{"name":"wp","href":"https:\/\/api.w.org\/{rel}","templated":true}]}}